{"id":1942,"date":"2023-03-29T16:25:08","date_gmt":"2023-03-29T16:25:08","guid":{"rendered":"https:\/\/metalkas.pl\/contact\/"},"modified":"2025-09-02T09:06:42","modified_gmt":"2025-09-02T09:06:42","slug":"contact","status":"publish","type":"page","link":"https:\/\/metalkas.pl\/en\/contact\/","title":{"rendered":"Contact"},"content":{"rendered":"<div class=\"gb-container gb-container-6a8eed11\">\n<div class=\"gb-grid-wrapper gb-grid-wrapper-463a201a\">\n<div class=\"gb-grid-column gb-grid-column-5f74624b\"><div class=\"gb-container gb-container-5f74624b\">\n\n<h2 class=\"gb-headline gb-headline-505a35e9 gb-headline-text\">Metalkas S.A.<\/h2>\n\n\n\n<p class=\"has-text-color\" style=\"color:#595959\">Address: Grottgera 4<br>85-227 Bydgoszcz<\/p>\n\n\n\n<p class=\"has-text-color\" style=\"color:#595959\">+48 52 372 27 47<br>+48 52 34 90 198<br>biuro@metalkas.com.pl<\/p>\n\n\n\n<p class=\"mb-0\"><strong>Accounting<\/strong><br>+48 509 615 177<br>finanse@metalkas.com.pl<\/p>\n\n\n\n<span class=\"gb-button gb-button-68e73af2 gb-button-text open-contact-form-popup-trigger\">contact form<\/span>\n\n\n\n<p class=\"no-phone has-text-color\" style=\"color:#595959\">NIP 967-11-53-563<br>REGON 093076611<br>Reg. No. 000009847<\/p>\n\n\n\n<p class=\"no-phone has-text-color\" style=\"color:#595959\">METALKAS account at BZ WBK:<br>12 1090 2590 0000 0001 3536 8519<\/p>\n\n<\/div><\/div>\n\n<div class=\"gb-grid-column gb-grid-column-faaf2e5f\"><div class=\"gb-container gb-container-faaf2e5f\">\n\n<figure class=\"gb-block-image gb-block-image-7e5b59cf\"><img loading=\"lazy\" decoding=\"async\" width=\"1315\" height=\"715\" class=\"gb-image gb-image-7e5b59cf\" src=\"https:\/\/metalkas.pl\/wp-content\/uploads\/2024\/02\/mapa-Grottgera-4.webp\" alt=\"\" title=\"mapa-Grottgera-4\" srcset=\"https:\/\/metalkas.pl\/wp-content\/uploads\/2024\/02\/mapa-Grottgera-4.webp 1315w, https:\/\/metalkas.pl\/wp-content\/uploads\/2024\/02\/mapa-Grottgera-4-300x163.webp 300w, https:\/\/metalkas.pl\/wp-content\/uploads\/2024\/02\/mapa-Grottgera-4-1024x557.webp 1024w, https:\/\/metalkas.pl\/wp-content\/uploads\/2024\/02\/mapa-Grottgera-4-768x418.webp 768w\" sizes=\"auto, (max-width: 1315px) 100vw, 1315px\" \/><\/figure>\n\n<\/div><\/div>\n<\/div>\n<\/div>\n\n<div class=\"gb-container gb-container-17d5c832\">\n<div class=\"gb-grid-wrapper gb-grid-wrapper-c75f8f85\">\n<div class=\"gb-grid-column gb-grid-column-db4ba662\"><div class=\"gb-container gb-container-db4ba662\">\n\n<p class=\"gb-headline gb-headline-8cd7eb3b gb-headline-text\"><strong>Domestic sales<\/strong><\/p>\n\n\n\n<p class=\"gb-headline gb-headline-8184c76e gb-headline-text\">+48 52 372 27 47 ext. 401 <\/p>\n\n\n\n<p class=\"gb-headline gb-headline-5713fb32 gb-headline-text\"><a href=\"mailto:metalkas@metalkas.com.pl\">metalkas@metalkas.com.pl<\/a><\/p>\n\n<\/div><\/div>\n\n<div class=\"gb-grid-column gb-grid-column-8a797d1b\"><div class=\"gb-container gb-container-8a797d1b\">\n\n<p class=\"gb-headline gb-headline-3591251b gb-headline-text\"><strong>Export sales<\/strong><\/p>\n\n\n\n<p class=\"gb-headline gb-headline-e8dc78bc gb-headline-text\">+48 52 372 27 47 ext. 402 <\/p>\n\n\n\n<p class=\"gb-headline gb-headline-3a43a891 gb-headline-text\">&nbsp;<a href=\"mailto:eksport@metalkas.com.pl\">eksport@metalkas.com.pl<\/a><\/p>\n\n<\/div><\/div>\n\n<div class=\"gb-grid-column gb-grid-column-96f3ce04\"><div class=\"gb-container gb-container-96f3ce04\">\n\n<p class=\"gb-headline gb-headline-74ba7675 gb-headline-text\"><strong>Complaints and service<\/strong><\/p>\n\n\n\n<p class=\"gb-headline gb-headline-b0cbd0b8 gb-headline-text\">+48 509 827 533<\/p>\n\n\n\n<p class=\"gb-headline gb-headline-25e10f8b gb-headline-text\"><a href=\"mailto:reklamacje@metalkas.com.pl\">reklamacje@metalkas.com.pl<\/a><\/p>\n\n\n\n<p><a href=\"mailto:serwis@metalkas.com.pl\">serwis@metalkas.com.pl<\/a><\/p>\n\n<\/div><\/div>\n\n<div class=\"gb-grid-column gb-grid-column-ef57185a\"><div class=\"gb-container gb-container-ef57185a\">\n\n<p class=\"gb-headline gb-headline-41fd88ae gb-headline-text\"><strong>Marketing<\/strong><\/p>\n\n\n\n<p class=\"gb-headline gb-headline-0f7f846b gb-headline-text\">+48 516 006 465<\/p>\n\n\n\n<p class=\"gb-headline gb-headline-25a55e16 gb-headline-text\"><a href=\"mailto:reklamacje@metalkas.com.pl\"><\/a><a href=\"mailto:katarzyna.k@metalkas.com.pl\">katarzyna.k@metalkas.com.pl<\/a><\/p>\n\n<\/div><\/div>\n\n<div class=\"gb-grid-column gb-grid-column-da0eca5a\"><div class=\"gb-container gb-container-da0eca5a\">\n\n<p class=\"gb-headline gb-headline-973e84a6 gb-headline-text\"><strong>HR<\/strong><\/p>\n\n\n\n<p class=\"gb-headline gb-headline-ec6ce7ec gb-headline-text\">+48 516 006 466<\/p>\n\n\n\n<p class=\"gb-headline gb-headline-d2e713e2 gb-headline-text\"><a href=\"mailto:reklamacje@metalkas.com.pl\"><\/a><a href=\"mailto:kadry@metalkas.com.pl\">kadry@metalkas.com.pl<\/a><\/p>\n\n<\/div><\/div>\n\n<div class=\"gb-grid-column gb-grid-column-4dadd73b\"><div class=\"gb-container gb-container-4dadd73b\">\n\n<p class=\"gb-headline gb-headline-51f04fa8 gb-headline-text\"><strong>Recruitment<\/strong><\/p>\n\n\n\n<p class=\"gb-headline gb-headline-0929e9f5 gb-headline-text\">+48 693 627 075<\/p>\n\n\n\n<p class=\"gb-headline gb-headline-de7e46f8 gb-headline-text\"><a href=\"mailto:reklamacje@metalkas.com.pl\"><\/a><a href=\"mailto:hr@metalkas.com.pl\">hr@metalkas.com.pl<\/a><\/p>\n\n<\/div><\/div>\n\n<div class=\"gb-grid-column gb-grid-column-a580e562\"><div class=\"gb-container gb-container-a580e562\">\n\n<p class=\"gb-headline gb-headline-d7864389 gb-headline-text\"><strong>Accounting<\/strong><\/p>\n\n\n\n<p class=\"gb-headline gb-headline-eefc577d gb-headline-text\">+48 509 615 177<\/p>\n\n\n\n<p class=\"gb-headline gb-headline-d90f7773 gb-headline-text\"><a href=\"mailto:reklamacje@metalkas.com.pl\"><\/a><a href=\"mailto:finanse@metalkas.com.pl\">finanse@metalkas.com.pl<\/a><\/p>\n\n\n\n<span class=\"gb-button gb-button-478f558c gb-button-text open-contact-form-popup-trigger\">contact form<\/span>\n\n<\/div><\/div>\n\n<div class=\"gb-grid-column gb-grid-column-4c76cc8d\"><div class=\"gb-container gb-container-4c76cc8d\">\n\n<p class=\"gb-headline gb-headline-28899c95 gb-headline-text\"><strong>E-commerce<\/strong><\/p>\n\n\n\n<p class=\"gb-headline gb-headline-95bd7262 gb-headline-text\">+48 52 333 43 33<\/p>\n\n\n\n<p class=\"gb-headline gb-headline-d1ac4fb4 gb-headline-text\"><a href=\"mailto:sklep@metalkas.com.pl\">sklep@metalkas.com.pl<\/a><\/p>\n\n<\/div><\/div>\n<\/div>\n<\/div>\n\n<div class=\"gb-container gb-container-15ee992d\">\n<div class=\"gb-grid-wrapper gb-grid-wrapper-897fc918\">\n<div class=\"gb-grid-column gb-grid-column-c88dc846\"><div class=\"gb-container gb-container-c88dc846\">\n\n<p class=\"gb-headline gb-headline-0f83fcd7 gb-headline-text\"><strong>Warehouse<\/strong> <strong>Nowotoru\u0144ska<\/strong> <strong>street <\/strong><\/p>\n\n\n\n<p class=\"gb-headline gb-headline-50868e70 gb-headline-text\">+48 695&nbsp;995&nbsp;436<\/p>\n\n<\/div><\/div>\n\n<div class=\"gb-grid-column gb-grid-column-e9e16af0\"><div class=\"gb-container gb-container-e9e16af0\">\n\n<p class=\"gb-headline gb-headline-2a9dc3b3 gb-headline-text\"><strong><strong>Warehouse Hutnicza street<\/strong><\/strong><\/p>\n\n\n\n<p>+48 697&nbsp;607&nbsp;175<\/p>\n\n<\/div><\/div>\n\n<div class=\"gb-grid-column gb-grid-column-0259aff9\"><div class=\"gb-container gb-container-0259aff9\">\n\n<p class=\"gb-headline gb-headline-c83c4985 gb-headline-text\"><strong><strong>Warehouse Deszczowa street <\/strong><\/strong><\/p>\n\n\n\n<p class=\"gb-headline gb-headline-cc5deb2c gb-headline-text\">+48 690&nbsp;493 553<\/p>\n\n\n\n<p><\/p>\n\n<\/div><\/div>\n\n<div class=\"gb-grid-column gb-grid-column-b2c52dcc\"><div class=\"gb-container gb-container-b2c52dcc\"><\/div><\/div>\n<\/div>\n<\/div>\n\n<div class=\"gb-container gb-container-13bb0bcb\">\n\n<h2 class=\"gb-headline gb-headline-c0918f04 gb-headline-text\" id=\"salony\">Our showrooms<\/h2>\n\n\n<div class=\"gb-grid-wrapper gb-grid-wrapper-9e224865\">\n<div class=\"gb-grid-column gb-grid-column-07caaa7b\"><div class=\"gb-container gb-container-07caaa7b\">\n\n<p class=\"gb-headline gb-headline-b09a71b6 gb-headline-text\"><strong><strong>Bydgoszcz<\/strong><\/strong><\/p>\n\n\n\n<p class=\"gb-headline gb-headline-e5fb3954 gb-headline-text\">Address: Kolbego 48<\/p>\n\n\n\n<p class=\"gb-headline gb-headline-b2ec4e48 gb-headline-text\">85-433 Bydgoszcz<\/p>\n\n\n\n<p>phone: +48 797 997 997<\/p>\n\n\n\n<p class=\"gb-headline gb-headline-9a831e27 gb-headline-text\"><a href=\"mailto:kontakt@metalkas.com.pl\">salon@metalkas.com.pl<\/a><\/p>\n\n\n\n<figure class=\"gb-block-image gb-block-image-8f34673c\"><img loading=\"lazy\" decoding=\"async\" width=\"1390\" height=\"791\" class=\"gb-image gb-image-8f34673c\" src=\"https:\/\/metalkas.pl\/wp-content\/uploads\/2023\/04\/Bydg.png\" alt=\"\" title=\"Bydg\" srcset=\"https:\/\/metalkas.pl\/wp-content\/uploads\/2023\/04\/Bydg.png 1390w, https:\/\/metalkas.pl\/wp-content\/uploads\/2023\/04\/Bydg-300x171.png 300w, https:\/\/metalkas.pl\/wp-content\/uploads\/2023\/04\/Bydg-1024x583.png 1024w, https:\/\/metalkas.pl\/wp-content\/uploads\/2023\/04\/Bydg-768x437.png 768w\" sizes=\"auto, (max-width: 1390px) 100vw, 1390px\" \/><\/figure>\n\n<\/div><\/div>\n\n<div class=\"gb-grid-column gb-grid-column-cc0f19fd\"><div class=\"gb-container gb-container-cc0f19fd\"><\/div><\/div>\n<\/div>\n<\/div>\n\n<div class=\"gb-container gb-container-4d02ad3f\">\n\n<h2 class=\"gb-headline gb-headline-99a8579f gb-headline-text\">Sales representatives<\/h2>\n\n\n<div class=\"gb-grid-wrapper gb-grid-wrapper-c991afb5\">\n<div class=\"gb-grid-column gb-grid-column-af7a6a92\"><div class=\"gb-container gb-container-af7a6a92\">\n<div class=\"gb-container gb-container-27ea9072\">\n\n<p class=\"gb-headline gb-headline-d226d368 gb-headline-text\">Mariusz Wojtalewicz<\/p>\n\n\n\n<p class=\"gb-headline gb-headline-52868dee gb-headline-text\">+48 691 698 192<\/p>\n\n\n\n<p class=\"gb-headline gb-headline-d52042fc gb-headline-text\"><a href=\"mailto:mariusz.w@metalkas.com.pl\">mariusz.w@metalkas.com.pl<\/a><\/p>\n\n\n\n<p><\/p>\n\n\n\n<p class=\"mb-0 has-accent-color has-text-color\">pomorskie, pomorskie, lubuskie, kujawsko-pomorskie, wielkopolskie, \u0142\u00f3dzkie, dolno\u015bl\u0105skie, opolskie<\/p>\n\n<\/div>\n<\/div><\/div>\n\n<div class=\"gb-grid-column gb-grid-column-4f9cb3e7\"><div class=\"gb-container gb-container-4f9cb3e7\">\n<div class=\"gb-container gb-container-c18d1810\">\n\n<p class=\"gb-headline gb-headline-8b79e11b gb-headline-text\">Zbigniew Choroszewski<\/p>\n\n\n\n<p class=\"gb-headline gb-headline-f5ac0992 gb-headline-text\">+48 509 425 611<\/p>\n\n\n\n<p class=\"gb-headline gb-headline-29facbcc gb-headline-text\"><a href=\"mailto:zbigniew.ch@metalkas.com.pl\">zbigniew.ch@metalkas.com.pl<\/a><\/p>\n\n\n\n<p><\/p>\n\n\n\n<p class=\"mb-0 has-accent-color has-text-color\">warmi\u0144sko-mazurskie, podlaskie, mazowieckie, lubelskie, \u015bwi\u0119tokrzyskie, ma\u0142opolskie, podkarpackie, \u015bl\u0105skie<\/p>\n\n<\/div>\n<\/div><\/div>\n<\/div>\n<\/div>\n\n\n<p><\/p>\n","protected":false},"excerpt":{"rendered":"<p>Our showrooms Sales representatives<\/p>\n","protected":false},"author":2,"featured_media":0,"parent":0,"menu_order":0,"comment_status":"closed","ping_status":"closed","template":"","meta":{"_acf_changed":false,"pgc_sgb_lightbox_settings":"","footnotes":""},"class_list":["post-1942","page","type-page","status-publish"],"acf":[],"_links":{"self":[{"href":"https:\/\/metalkas.pl\/en\/wp-json\/wp\/v2\/pages\/1942","targetHints":{"allow":["GET"]}}],"collection":[{"href":"https:\/\/metalkas.pl\/en\/wp-json\/wp\/v2\/pages"}],"about":[{"href":"https:\/\/metalkas.pl\/en\/wp-json\/wp\/v2\/types\/page"}],"author":[{"embeddable":true,"href":"https:\/\/metalkas.pl\/en\/wp-json\/wp\/v2\/users\/2"}],"replies":[{"embeddable":true,"href":"https:\/\/metalkas.pl\/en\/wp-json\/wp\/v2\/comments?post=1942"}],"version-history":[{"count":12,"href":"https:\/\/metalkas.pl\/en\/wp-json\/wp\/v2\/pages\/1942\/revisions"}],"predecessor-version":[{"id":3664,"href":"https:\/\/metalkas.pl\/en\/wp-json\/wp\/v2\/pages\/1942\/revisions\/3664"}],"wp:attachment":[{"href":"https:\/\/metalkas.pl\/en\/wp-json\/wp\/v2\/media?parent=1942"}],"curies":[{"name":"wp","href":"https:\/\/api.w.org\/{rel}","templated":true}]}}